{"id":961,"date":"2024-07-03T08:44:26","date_gmt":"2024-07-03T08:44:26","guid":{"rendered":"https:\/\/haveldervielfalt.de\/?page_id=961"},"modified":"2024-07-03T08:44:26","modified_gmt":"2024-07-03T08:44:26","slug":"wichtige-hinweise-fuer-den-csd-2024","status":"publish","type":"page","link":"https:\/\/haveldervielfalt.de\/?page_id=961","title":{"rendered":"Wichtige Hinweise f\u00fcr den CSD 2024"},"content":{"rendered":"\n<figure class=\"wp-block-image size-large\"><img loading=\"lazy\" decoding=\"async\" width=\"1024\" height=\"576\" src=\"https:\/\/valor-sp.de\/wp-content\/uploads\/2024\/07\/CSD-Wichtige-Hinweise-1920-x-1080-px-1024x576.png\" alt=\"\" class=\"wp-image-965\" srcset=\"https:\/\/haveldervielfalt.de\/wp-content\/uploads\/2024\/07\/CSD-Wichtige-Hinweise-1920-x-1080-px-1024x576.png 1024w, https:\/\/haveldervielfalt.de\/wp-content\/uploads\/2024\/07\/CSD-Wichtige-Hinweise-1920-x-1080-px-300x169.png 300w, https:\/\/haveldervielfalt.de\/wp-content\/uploads\/2024\/07\/CSD-Wichtige-Hinweise-1920-x-1080-px-768x432.png 768w, https:\/\/haveldervielfalt.de\/wp-content\/uploads\/2024\/07\/CSD-Wichtige-Hinweise-1920-x-1080-px-1536x864.png 1536w, https:\/\/haveldervielfalt.de\/wp-content\/uploads\/2024\/07\/CSD-Wichtige-Hinweise-1920-x-1080-px.png 1920w\" sizes=\"auto, (max-width: 1024px) 100vw, 1024px\" \/><\/figure>\n\n\n\n<h1 class=\"wp-block-heading\">Anreise<\/h1>\n\n\n\n<p>Wenn ihr aus anderen St\u00e4dten zum CSD kommt, vernetzt euch f\u00fcr die Hin- und R\u00fcckfahrt, damit niemand allein anreisen muss!<\/p>\n\n\n\n<p>Wenn ihr als Gruppe geplant habt anzureisen schreibt das unten in die Kommentare, damit sich einzelne Personen euch anschlie\u00dfen k\u00f6nnen. Andersrum genau so: Wenn ihr noch keine Gruppe habt, schreibt gerne in die Kommentare, dass ihr noch auf der Suche nach einer Gruppe seid und findet euch so zusammen.<\/p>\n\n\n\n<p>Gemeinsam sind wir st\u00e4rker!<\/p>\n\n\n\n<h1 class=\"wp-block-heading\">Reisegep\u00e4ck<\/h1>\n\n\n\n<p>Nehmt euch gen\u00fcgend Getr\u00e4nke und eventuell etwas zu essen mit! Sch\u00fctz euch vor der Sonne mit Kopfbedeckungen und angemessener Kleidung, zieht feste Schuhe an, in denen ihr gut die Route durch die Stadt laufen k\u00f6nnt.<\/p>\n\n\n\n<h2 class=\"wp-block-heading\">Was ihr bitte daheim lasst<\/h2>\n\n\n\n<p>Bitte konsumiert w\u00e4hrend unserer Veranstaltung keinen Alkohol oder andere Drogen. Wir wollen, dass sich alle Menschen so wohl und sicher wie m\u00f6glich f\u00fchlen k\u00f6nnen. Unser CSD ist zu dem keine alleinige Party-Veranstaltung, sondern vor allem eine politische Demonstration.<\/p>\n\n\n\n<p>Auch lasst bitte Glasflaschen zuhause. Wenn diese kaputt gehen, k\u00f6nnen sich andere an deren Scherben verletzen.<\/p>\n\n\n\n<h2 class=\"wp-block-heading\">Apropos politische Veranstaltung<\/h2>\n\n\n\n<p>Unser CSD ist zwar eine politische Veranstaltung, aber parteienunabh\u00e4ngig organisiert und durchgef\u00fchrt. Deshalb sind w\u00e4hrend der Veranstaltung Partei- und Nationalflaggen nicht erw\u00fcnscht. Der CSD ist keine Wahlkampfveranstaltung und k\u00e4mpft parteiunabh\u00e4ngig f\u00fcr die Rechte von diskriminierten Gruppen. Dennoch sind alle Menschen herzlich eingeladen, solange sie unsere Ziele unterst\u00fctzen &#8211; nur eben ohne Partei- und Nationalflaggen.<\/p>\n\n\n\n<h1 class=\"wp-block-heading\">Awareness<\/h1>\n\n\n\n<p>Awareness bedeutet \u00fcbersetzt Bewusstsein oder Aufmerksamkeit.<\/p>\n\n\n\n<p>Es geht dabei um den bewussten und aufmerksamen Umgang mit Diskriminierung und den Grenzen von Personen.<\/p>\n\n\n\n<p>Damit sich w\u00e4hrend des CSDs alle Menschen so wohl und sicher wie m\u00f6glich f\u00fchlen k\u00f6nnen, gibt es w\u00e4hrend der Veranstaltung Awareness-Personen. Diese sind an den lila Westen zu erkennen.<\/p>\n\n\n\n<p>Wenn ihr Grenz\u00fcberschreitungen oder Diskriminierung erfahrt oder davon mitbekommt, aber auch, wenn ihr euch einfach unwohl f\u00fchlt ohne konkret benennen zu k\u00f6nnen wieso, k\u00f6nnt ihr euch an das Awareness-Team wenden!<\/p>\n\n\n\n<p>Zusammen mit dem Team wird dann geschaut, was ihr bzw. die betroffene Person gerade braucht und m\u00f6chte(t). Wichtig dabei: Betroffene Personen haben bei uns die Definitionsmacht und wir glauben den Betroffenen, wenn diese ihre Erfahrungen mit uns teilen.<\/p>\n\n\n\n<p>Es gibt ein Awareness-Auto, in das ihr euch zur\u00fcckziehen k\u00f6nnt, wenn ihr wollt. Dort wird es auch Wasser und Obst geben.<\/p>\n\n\n\n<p>Wenn Menschen grenz\u00fcberschreitendes oder diskriminierendes Verhalten zeigen und die davon betroffene(n) Person(en) sich das w\u00fcnschen, wird das Awareness-Team diese dazu auffordern, die Veranstaltung zu verlassen. Nutzt au\u00dferdem gerne bei queerfeindlichem Verhalten auch gerne den <a href=\"https:\/\/andersartig.info\/diskriminierungsmelder\/\">Diskriminierungsmelder des AndersArtig e.V.<\/a>!<\/p>\n\n\n\n<p>Wenn ihr noch Fragen zum Thema Awareness habt, schreibt oder sprecht uns an oder lest euch die Brosch\u00fcre der Initiative Awareness durch! <a href=\"https:\/\/www.initiative-awareness.de\/informieren\/awareness\">https:\/\/www.initiative-awareness.de\/informieren\/awareness<\/a>.<\/p>\n","protected":false},"excerpt":{"rendered":"<p>Anreise Wenn ihr aus anderen St\u00e4dten zum CSD kommt, vernetzt euch f\u00fcr die Hin- und R\u00fcckfahrt, damit niemand allein anreisen muss! Wenn ihr als Gruppe geplant habt anzureisen schreibt das unten in die Kommentare,&#46;&#46;&#46;<\/p>\n","protected":false},"author":7,"featured_media":0,"parent":640,"menu_order":0,"comment_status":"closed","ping_status":"closed","template":"","meta":{"footnotes":""},"class_list":["post-961","page","type-page","status-publish","hentry"],"_links":{"self":[{"href":"https:\/\/haveldervielfalt.de\/index.php?rest_route=\/wp\/v2\/pages\/961","targetHints":{"allow":["GET"]}}],"collection":[{"href":"https:\/\/haveldervielfalt.de\/index.php?rest_route=\/wp\/v2\/pages"}],"about":[{"href":"https:\/\/haveldervielfalt.de\/index.php?rest_route=\/wp\/v2\/types\/page"}],"author":[{"embeddable":true,"href":"https:\/\/haveldervielfalt.de\/index.php?rest_route=\/wp\/v2\/users\/7"}],"replies":[{"embeddable":true,"href":"https:\/\/haveldervielfalt.de\/index.php?rest_route=%2Fwp%2Fv2%2Fcomments&post=961"}],"version-history":[{"count":0,"href":"https:\/\/haveldervielfalt.de\/index.php?rest_route=\/wp\/v2\/pages\/961\/revisions"}],"up":[{"embeddable":true,"href":"https:\/\/haveldervielfalt.de\/index.php?rest_route=\/wp\/v2\/pages\/640"}],"wp:attachment":[{"href":"https:\/\/haveldervielfalt.de\/index.php?rest_route=%2Fwp%2Fv2%2Fmedia&parent=961"}],"curies":[{"name":"wp","href":"https:\/\/api.w.org\/{rel}","templated":true}]}}