{"id":789,"date":"2024-06-08T08:18:44","date_gmt":"2024-06-08T08:18:44","guid":{"rendered":"https:\/\/haveldervielfalt.de\/?page_id=789"},"modified":"2024-06-08T08:18:44","modified_gmt":"2024-06-08T08:18:44","slug":"unser-motto-gemeinsam-fuer-ein-vielfaeltiges-brandenburg","status":"publish","type":"page","link":"https:\/\/haveldervielfalt.de\/?page_id=789","title":{"rendered":"Unser Motto &#8220;Gemeinsam f\u00fcr ein vielf\u00e4ltiges Brandenburg&#8221;"},"content":{"rendered":"\n<figure class=\"wp-block-gallery has-nested-images columns-default is-cropped wp-block-gallery-1 is-layout-flex wp-block-gallery-is-layout-flex\">\n<figure class=\"wp-block-image size-large\"><img loading=\"lazy\" decoding=\"async\" width=\"1024\" height=\"1024\" data-id=\"819\" src=\"https:\/\/valor-sp.de\/wp-content\/uploads\/2024\/06\/1-1-1024x1024.png\" alt=\"Auf einem fliederfarbenem Hintergrund ist eine Welle zu sehen, die in den Farben der progressiven Prideflagge gehalten wurde (von oben nach unten: Helllila, Gelb, Wei\u00df, Rosa, Hellblau, Braun, Schwarz, Rot, Orange, Gelb, Gr\u00fcn, Dunkelblau, Dunkellila). Darauf ist ein Mops mit Geweih aus Stein. Links neben ihm ist eine Sprechblase, mit dunkellila Umrandung und hellgelber Schattierung, in der steht: &quot;Gemeinsam f\u00fcr ein vielf\u00e4ltiges Brandenburg&quot;. Unter der Welle steht gefetteter Text: &quot;06.07.2024 - 15 Uhr - Brandenburg Hbf&quot;. Unten steht der Slogan &quot;CSD Brandenburg. Queer an der Havel&quot;.\" class=\"wp-image-819\" srcset=\"https:\/\/haveldervielfalt.de\/wp-content\/uploads\/2024\/06\/1-1-1024x1024.png 1024w, https:\/\/haveldervielfalt.de\/wp-content\/uploads\/2024\/06\/1-1-300x300.png 300w, https:\/\/haveldervielfalt.de\/wp-content\/uploads\/2024\/06\/1-1-150x150.png 150w, https:\/\/haveldervielfalt.de\/wp-content\/uploads\/2024\/06\/1-1-768x768.png 768w, https:\/\/haveldervielfalt.de\/wp-content\/uploads\/2024\/06\/1-1-80x80.png 80w, https:\/\/haveldervielfalt.de\/wp-content\/uploads\/2024\/06\/1-1-320x320.png 320w, https:\/\/haveldervielfalt.de\/wp-content\/uploads\/2024\/06\/1-1.png 1080w\" sizes=\"auto, (max-width: 1024px) 100vw, 1024px\" \/><\/figure>\n\n\n\n<figure class=\"wp-block-image size-large\"><img loading=\"lazy\" decoding=\"async\" width=\"1024\" height=\"1024\" data-id=\"820\" src=\"https:\/\/valor-sp.de\/wp-content\/uploads\/2024\/06\/2-1024x1024.png\" alt=\"\u00dcberschrift: &quot;Gemeinsam f\u00fcr ein vielf\u00e4ltiges Brandenburg, das bedeutet...&quot; Auflistung in Orange: &quot;Gegen Hass und Gewalt, Gegen Queerfeindlichkeit, Gegen Rassismus, Gegen Sexismus, Gegen Ableismus&quot;. In gr\u00fcn und gefettet steht: &quot; F\u00fcr mehr Miteinander, F\u00fcr mehr Respekt, F\u00fcr mehr Fairness, F\u00fcr das Lernen voneinander, F\u00fcr mehr Chancengleichheit, F\u00fcr die freie Entfaltung, F\u00fcr mehr Sicherheit&quot;. Der Hintergrund ist fliederfarben. Unten ist auch hier die Welle in den Farben der progressive Prideflag zu sehen. Rechts unten ist der Mops aus Stein mit Geweih.\" class=\"wp-image-820\" srcset=\"https:\/\/haveldervielfalt.de\/wp-content\/uploads\/2024\/06\/2-1024x1024.png 1024w, https:\/\/haveldervielfalt.de\/wp-content\/uploads\/2024\/06\/2-300x300.png 300w, https:\/\/haveldervielfalt.de\/wp-content\/uploads\/2024\/06\/2-150x150.png 150w, https:\/\/haveldervielfalt.de\/wp-content\/uploads\/2024\/06\/2-768x768.png 768w, https:\/\/haveldervielfalt.de\/wp-content\/uploads\/2024\/06\/2-80x80.png 80w, https:\/\/haveldervielfalt.de\/wp-content\/uploads\/2024\/06\/2-320x320.png 320w, https:\/\/haveldervielfalt.de\/wp-content\/uploads\/2024\/06\/2.png 1080w\" sizes=\"auto, (max-width: 1024px) 100vw, 1024px\" \/><\/figure>\n<\/figure>\n\n\n\n<p>Das Motto des CSD in Brandenburg an der Havel lautet dieses Jahr &#8220;Gemeinsam f\u00fcr ein vielf\u00e4ltiges Brandenburg&#8221;. Immer wieder h\u00f6ren, sehen oder erleben wir selbst queerfeindliche Gewalt. Dagegen k\u00f6nnen und wollen wir nur zusammen ank\u00e4mpfen, damit wir nicht in ein Gef\u00fchl der Ohnmacht verfallen. Vielfalt bedeutet f\u00fcr uns, dass wir f\u00fcreinander einstehen, voneinander lernen, uns unterst\u00fctzen und uns damit ein Gef\u00fchl von Sicherheit geben &#8211; wir sind nicht allein! Daher laden wir euch ein, mit uns und all den anderen mutigen Menschen auf die Stra\u00dfe zu gehen, um ein klares Zeichen zu setzen: gegen Hass und Gewalt, gegen Queerfeindlichkeit, Rassismus, Sexismus, Ableismus und f\u00fcr ein Brandenburg, in dem sich alle Menschen sicher f\u00fchlen und frei entfalten k\u00f6nnen!<\/p>\n","protected":false},"excerpt":{"rendered":"<p>Das Motto des CSD in Brandenburg an der Havel lautet dieses Jahr &#8220;Gemeinsam f\u00fcr ein vielf\u00e4ltiges Brandenburg&#8221;. Immer wieder h\u00f6ren, sehen oder erleben wir selbst queerfeindliche Gewalt. Dagegen k\u00f6nnen und wollen wir nur zusammen&#46;&#46;&#46;<\/p>\n","protected":false},"author":7,"featured_media":0,"parent":640,"menu_order":0,"comment_status":"closed","ping_status":"closed","template":"","meta":{"footnotes":""},"class_list":["post-789","page","type-page","status-publish","hentry"],"_links":{"self":[{"href":"https:\/\/haveldervielfalt.de\/index.php?rest_route=\/wp\/v2\/pages\/789","targetHints":{"allow":["GET"]}}],"collection":[{"href":"https:\/\/haveldervielfalt.de\/index.php?rest_route=\/wp\/v2\/pages"}],"about":[{"href":"https:\/\/haveldervielfalt.de\/index.php?rest_route=\/wp\/v2\/types\/page"}],"author":[{"embeddable":true,"href":"https:\/\/haveldervielfalt.de\/index.php?rest_route=\/wp\/v2\/users\/7"}],"replies":[{"embeddable":true,"href":"https:\/\/haveldervielfalt.de\/index.php?rest_route=%2Fwp%2Fv2%2Fcomments&post=789"}],"version-history":[{"count":0,"href":"https:\/\/haveldervielfalt.de\/index.php?rest_route=\/wp\/v2\/pages\/789\/revisions"}],"up":[{"embeddable":true,"href":"https:\/\/haveldervielfalt.de\/index.php?rest_route=\/wp\/v2\/pages\/640"}],"wp:attachment":[{"href":"https:\/\/haveldervielfalt.de\/index.php?rest_route=%2Fwp%2Fv2%2Fmedia&parent=789"}],"curies":[{"name":"wp","href":"https:\/\/api.w.org\/{rel}","templated":true}]}}