{"id":67,"date":"2021-10-12T18:47:22","date_gmt":"2021-10-12T18:47:22","guid":{"rendered":"http:\/\/haveldervielfalt.de\/?page_id=67"},"modified":"2021-10-12T18:47:22","modified_gmt":"2021-10-12T18:47:22","slug":"unsere-unterstuetzerinnen","status":"publish","type":"page","link":"https:\/\/haveldervielfalt.de\/?page_id=67","title":{"rendered":"Unsere Unterst\u00fctzer:innen"},"content":{"rendered":"\n<p class=\"has-white-color has-vivid-red-background-color has-text-color has-background has-link-color wp-elements-ca10956edddde70a51606e51bc98fe61\"><strong>Achtung:<\/strong> Diese Seite befindet sich gerade in der Bearbeitung. F\u00fcr Aktualit\u00e4t k\u00f6nnen wir derzeit nicht garantieren.<\/p>\n\n\n\n<p>Hier findest du die organisierten Gruppen, die uns unterst\u00fctzen. Klicke auf die Icons, um auf die Seiten zu gelangen.<\/p>\n\n\n\n<hr class=\"wp-block-separator has-css-opacity aligncenter is-style-dots\"\/>\n\n\n\n<figure class=\"wp-block-image size-full\"><a href=\"http:\/\/www.andersartig.info\/\"><img loading=\"lazy\" decoding=\"async\" width=\"640\" height=\"124\" src=\"https:\/\/valor-sp.de\/wp-content\/uploads\/2021\/10\/Logo-ohne-Kasten.png\" alt=\"\" class=\"wp-image-78\" srcset=\"https:\/\/haveldervielfalt.de\/wp-content\/uploads\/2021\/10\/Logo-ohne-Kasten.png 640w, https:\/\/haveldervielfalt.de\/wp-content\/uploads\/2021\/10\/Logo-ohne-Kasten-300x58.png 300w\" sizes=\"auto, (max-width: 640px) 100vw, 640px\" \/><\/a><\/figure>\n\n\n\n<hr class=\"wp-block-separator has-css-opacity is-style-dots\"\/>\n\n\n<div class=\"wp-block-image\">\n<figure class=\"aligncenter size-large is-resized\"><a href=\"https:\/\/jukufa.de\"><img loading=\"lazy\" decoding=\"async\" width=\"886\" height=\"1024\" src=\"http:\/\/haveldervielfalt.de\/wp-content\/uploads\/2022\/05\/HdO_Mandala_klein-886x1024.png\" alt=\"\" class=\"wp-image-132\" style=\"width:297px;height:343px\" srcset=\"https:\/\/haveldervielfalt.de\/wp-content\/uploads\/2022\/05\/HdO_Mandala_klein-886x1024.png 886w, https:\/\/haveldervielfalt.de\/wp-content\/uploads\/2022\/05\/HdO_Mandala_klein-260x300.png 260w, https:\/\/haveldervielfalt.de\/wp-content\/uploads\/2022\/05\/HdO_Mandala_klein-768x887.png 768w, https:\/\/haveldervielfalt.de\/wp-content\/uploads\/2022\/05\/HdO_Mandala_klein-1330x1536.png 1330w, https:\/\/haveldervielfalt.de\/wp-content\/uploads\/2022\/05\/HdO_Mandala_klein.png 1443w\" sizes=\"auto, (max-width: 886px) 100vw, 886px\" \/><\/a><\/figure><\/div>","protected":false},"excerpt":{"rendered":"<p>Achtung: Diese Seite befindet sich gerade in der Bearbeitung. F\u00fcr Aktualit\u00e4t k\u00f6nnen wir derzeit nicht garantieren. Hier findest du die organisierten Gruppen, die uns unterst\u00fctzen. Klicke auf die Icons, um auf die Seiten zu&#46;&#46;&#46;<\/p>\n","protected":false},"author":7,"featured_media":0,"parent":38,"menu_order":1,"comment_status":"closed","ping_status":"closed","template":"","meta":{"footnotes":""},"class_list":["post-67","page","type-page","status-publish","hentry"],"_links":{"self":[{"href":"https:\/\/haveldervielfalt.de\/index.php?rest_route=\/wp\/v2\/pages\/67","targetHints":{"allow":["GET"]}}],"collection":[{"href":"https:\/\/haveldervielfalt.de\/index.php?rest_route=\/wp\/v2\/pages"}],"about":[{"href":"https:\/\/haveldervielfalt.de\/index.php?rest_route=\/wp\/v2\/types\/page"}],"author":[{"embeddable":true,"href":"https:\/\/haveldervielfalt.de\/index.php?rest_route=\/wp\/v2\/users\/7"}],"replies":[{"embeddable":true,"href":"https:\/\/haveldervielfalt.de\/index.php?rest_route=%2Fwp%2Fv2%2Fcomments&post=67"}],"version-history":[{"count":0,"href":"https:\/\/haveldervielfalt.de\/index.php?rest_route=\/wp\/v2\/pages\/67\/revisions"}],"up":[{"embeddable":true,"href":"https:\/\/haveldervielfalt.de\/index.php?rest_route=\/wp\/v2\/pages\/38"}],"wp:attachment":[{"href":"https:\/\/haveldervielfalt.de\/index.php?rest_route=%2Fwp%2Fv2%2Fmedia&parent=67"}],"curies":[{"name":"wp","href":"https:\/\/api.w.org\/{rel}","templated":true}]}}