{"id":447,"date":"2023-09-01T17:35:44","date_gmt":"2023-09-01T17:35:44","guid":{"rendered":"https:\/\/haveldervielfalt.de\/?page_id=447"},"modified":"2023-09-01T17:35:44","modified_gmt":"2023-09-01T17:35:44","slug":"manuela-doernenburg","status":"publish","type":"page","link":"https:\/\/haveldervielfalt.de\/?page_id=447","title":{"rendered":"Manuela D\u00f6rnenburg"},"content":{"rendered":"\n<p>Sehr geehrte Anwesende,<\/p>\n\n\n\n<p>\u201eWenn du nicht frei sein kannst, im Wichtigsten aller Dinge \u2013 der Liebe \u2013 dann verliert das Leben selbst seine Bedeutung.\u201c<\/p>\n\n\n\n<p>Dieses Zitat stammt von Harvey Bernard Milk, dem ersten, offen homosexuell lebenden, US-amerikanischen Politiker und B\u00fcrgerrechtler der Schwulen- und Lesbenbewegung.<\/p>\n\n\n\n<p>Seine Worte \u2013 vor mehr als 50 Jahren gesprochen \u2013 waren von gro\u00dfer Bedeutung f\u00fcr queere Menschen in einer Zeit, in der frei zu lieben und zu leben den Tod bedeuten konnte.<\/p>\n\n\n\n<p>Diese Zeiten scheinen uns so fern, vor allem wenn wir betrachten, wie weit die Menschheit im letzten Jahrhundert gekommen ist. Auch die Lebensrealit\u00e4t der LGBT+-Community hat sich ver\u00e4ndert, wir sind als Gesellschaft aufeinander zu gegangen und der unerm\u00fcdliche Einsatz von queeren Personen, Gruppen, Projekten und Vereinen brachte uns voran.<\/p>\n\n\n\n<p>Umso erschreckender sind die Entwicklungen der letzten Wochen und Monate, in Deutschland und der ganzen Welt. Angriffe auf Regenbogenfahnen, Gewalt gegen die queere Community, Politiker*innen und Parlamente, die Gesetze gegen Vielfalt verabschieden und gew\u00e4hlte Volksvertreter*innen, dies sich offen menschenrechtsverachtend \u00e4u\u00dfern.<\/p>\n\n\n\n<p>Diese Worte sowie Taten erinnern uns daran, dass die Gleichberechtigung noch lange nicht erlangt ist. Wir m\u00fcssen weiterhin unbeirrt unsere Stimmen erheben, als Verb\u00fcndete auftreten, die Geschichten der queeren Community teilen und uns f\u00fcr eine inklusive Zukunft einsetzen.<\/p>\n\n\n\n<p>Dass Sie heute hier in Brandenburg\/ Havel den dritten CSD feiern, macht sichtbar, wieviel Mut und St\u00e4rke wir besitzen und wie vielf\u00e4ltig unsere Gesellschaft und vor allem Brandenburg ist. Ich bin daher froh, dass es mittlerweile so zahlreiche CSDs im Land gibt. Vieles wird dabei vom MSGIV gef\u00f6rdert.<\/p>\n\n\n\n<p>Die Ministerin, das Fachreferat und ich sind uns sehr einig, dass besonders f\u00fcr junge queere Brandenburger*innen diese wachsende Sichtbarkeit bedeutsam ist.<\/p>\n\n\n\n<p>Die Hoffnung bleibt trotz allem, dass Aufkl\u00e4rungsarbeit vor Ort und das Sichtbarwerden und Sichtbarbleiben gerade in l\u00e4ndlichen Regionen dazu beitragen, Vorurteile gegen\u00fcber queeren Menschen abzubauen und vielf\u00e4ltige Lebens- und Seinsformen, wie bspw. auch Regenbogenfamilien dort zu erm\u00f6glichen.<\/p>\n\n\n\n<p>Aus den Gespr\u00e4chen mit Ihnen &#8211; den Vertretungen queerer Vereine und Aktivist*innen wei\u00df ich, dass dieses Engagement alles andere als selbstverst\u00e4ndlich ist. Es erfordert Mut und Kraft, sich zu zeigen und mit der eigenen Person f\u00fcr Vielfalt im eigenen Dorf oder in der eigenen Stadt pers\u00f6nlich einzustehen.<\/p>\n\n\n\n<p>Gerade im Rahmen der Debatten um die Einf\u00fchrung des Selbstbestimmungsgesetzes ist erneut eine Zunahme an transfeindlichen \u00c4u\u00dferungen und \u00dcbergriffen zu verzeichnen, wie wir ja in Brandenburg gerade schmerzlich erleben.<\/p>\n\n\n\n<p>Das Land Brandenburg ist an dem bundesweiten Prozess zur Erstellung eines Nationalen Aktionsplan \u201eQueer leben!\u201c beteiligt und bringt hierbei vor allem das Erfahrungswissen ostdeutscher Fl\u00e4chenl\u00e4nder im Aufbau queerer Vernetzungsstrukturen ein.<\/p>\n\n\n\n<p>Und auch in Brandenburg sind queerpolitische Bewegungen erfolgt: So ist im vergangenen Jahr der Prozess der Evaluation und der Weiterentwicklung des Aktionsplans Queeres Brandenburg durch das Fachreferat des MSGIV mit vielen Tr\u00e4gern aus der Community auf den Weg gebracht worden.<\/p>\n\n\n\n<p>Es gilt, wachsam zu sein und zu bleiben und gemeinsam einzustehen f\u00fcr demokratische Grundwerte, f\u00fcr Vielfalt und f\u00fcr eine gleichberechtigte Teilhabe.<\/p>\n\n\n\n<p>Lassen Sie uns gemeinsam weiterhin daf\u00fcr eintreten, dass alle Menschen im Land Brandenburg diskriminierungsfrei und selbstbestimmt leben k\u00f6nnen!<\/p>\n\n\n\n<p>Ich danke Ihnen und w\u00fcnschen Ihnen einen empowernden CSD Brandenburg\/ Havel 2023!<\/p>\n","protected":false},"excerpt":{"rendered":"<p>Sehr geehrte Anwesende, \u201eWenn du nicht frei sein kannst, im Wichtigsten aller Dinge \u2013 der Liebe \u2013 dann verliert das Leben selbst seine Bedeutung.\u201c Dieses Zitat stammt von Harvey Bernard Milk, dem ersten, offen&#46;&#46;&#46;<\/p>\n","protected":false},"author":7,"featured_media":0,"parent":433,"menu_order":0,"comment_status":"closed","ping_status":"closed","template":"","meta":{"footnotes":""},"class_list":["post-447","page","type-page","status-publish","hentry"],"_links":{"self":[{"href":"https:\/\/haveldervielfalt.de\/index.php?rest_route=\/wp\/v2\/pages\/447","targetHints":{"allow":["GET"]}}],"collection":[{"href":"https:\/\/haveldervielfalt.de\/index.php?rest_route=\/wp\/v2\/pages"}],"about":[{"href":"https:\/\/haveldervielfalt.de\/index.php?rest_route=\/wp\/v2\/types\/page"}],"author":[{"embeddable":true,"href":"https:\/\/haveldervielfalt.de\/index.php?rest_route=\/wp\/v2\/users\/7"}],"replies":[{"embeddable":true,"href":"https:\/\/haveldervielfalt.de\/index.php?rest_route=%2Fwp%2Fv2%2Fcomments&post=447"}],"version-history":[{"count":0,"href":"https:\/\/haveldervielfalt.de\/index.php?rest_route=\/wp\/v2\/pages\/447\/revisions"}],"up":[{"embeddable":true,"href":"https:\/\/haveldervielfalt.de\/index.php?rest_route=\/wp\/v2\/pages\/433"}],"wp:attachment":[{"href":"https:\/\/haveldervielfalt.de\/index.php?rest_route=%2Fwp%2Fv2%2Fmedia&parent=447"}],"curies":[{"name":"wp","href":"https:\/\/api.w.org\/{rel}","templated":true}]}}