{"id":1306,"date":"2025-05-19T19:27:21","date_gmt":"2025-05-19T18:27:21","guid":{"rendered":"https:\/\/haveldervielfalt.de\/?page_id=1306"},"modified":"2025-05-24T08:46:28","modified_gmt":"2025-05-24T07:46:28","slug":"cafe-contact","status":"publish","type":"page","link":"https:\/\/haveldervielfalt.de\/?page_id=1306","title":{"rendered":"Caf\u00e9 Contact"},"content":{"rendered":"\n<p><strong>Rede<\/strong><\/p>\n\n\n\n<p>cafe contact CSD Brandenburg 2025<\/p>\n\n\n\n<p>Hallo Brandenburg!<\/p>\n\n\n\n<p>Wir freuen uns riesig, heute hier beim CSD in unserer Stadt dabei zu sein \u2013 laut, bunt, solidarisch!<\/p>\n\n\n\n<p><br>Wir sind das Jugendhaus cafe contact und bereits seit 1982 (damals als Treffpunkt des Arbeitskreises der \u201eHomosexuellen Selbsthilfe\u201c) ein Ort, an dem Vielfalt nicht nur willkommen ist, sondern gelebt wird. Seitdem ist das cafe contact ein Ort, an dem du sein kannst, wer du bist \u2013 ohne Angst, ohne Scham, ohne Verstecken.<\/p>\n\n\n\n<p>Heute stehen wir hier, weil Sichtbarkeit wichtig ist. Weil queeres Leben immer noch nicht selbstverst\u00e4ndlich ist \u2013 nicht in Brandenburg, nicht in Deutschland, nicht weltweit. Und weil wir zeigen wollen: Ihr seid nicht allein.<\/p>\n\n\n\n<p>Wir erleben fast t\u00e4glich, wie junge Menschen mit Fragen zu ihrer Identit\u00e4t, ihrer Sexualit\u00e4t oder ihrem Geschlecht zu uns kommen \u2013 mit Mut, mit Sorgen, mit Hoffnung. Wir erleben auch wie junge Menschen auf Grund ihrer Sexualit\u00e4t oder Identit\u00e4t ausgegrenzt und diskriminiert werden, zum gro\u00dfen Teil in der Schule, aber auch im famili\u00e4ren Umfeld finden sie oft wenig Unterst\u00fctzung und Akzeptanz.<\/p>\n\n\n\n<p>Aus diesen Gr\u00fcnden m\u00f6chten wir uns f\u00fcr mehr Angebote, Beratung und safe spaces in der Stadt einsetzen. Wir m\u00f6chten gern ein Queer-Caf\u00e9 bei uns ins Leben rufen. Daf\u00fcr w\u00fcnschen wir uns eure Ideen, Vorstellungen und W\u00fcnsche. Kommt dazu gern mit uns ins Gespr\u00e4ch und lasst uns gemeinsam einen gro\u00dfartigen Treffpunkt weiter gestalten.<\/p>\n\n\n\n<p>Danke an alle, die heute hier sind. Danke an alle, die k\u00e4mpfen, sich zeigen und sich engagieren. Und vor allem: Danke an die jungen Menschen, die sich nicht unterkriegen lassen und sich f\u00fcr ihre Rechte einsetzen!<\/p>\n\n\n\n<p><strong>Solidarit\u00e4t hei\u00dft handeln \u2013 nicht nur heute, sondern jeden Tag.<\/strong><\/p>\n\n\n\n<p>Euer Team vom cafe contact<\/p>\n\n\n\n<hr class=\"wp-block-separator has-alpha-channel-opacity\"\/>\n\n\n\n<p>English<\/p>\n\n\n\n<p>We are delighted to be here today at the CSD in our city &#8211; loud, colorful, in solidarity!<\/p>\n\n\n\n<p>We are the cafe contact youth center and have been a place where diversity is not only welcome, but lived, since 1982 (back then as a meeting place for the \u201cHomosexual Self-Help\u201d working group). Since then, cafe contact has been a place where you can be who you are &#8211; without fear, without shame, without hiding.<\/p>\n\n\n\n<p>We are here today because visibility is important. Because queer life is still not a matter of course &#8211; not in Brandenburg, not in Germany, not worldwide. And because we want to show: You are not alone.<\/p>\n\n\n\n<p>We see young people coming to us almost every day with questions about their identity, their sexuality or their gender &#8211; with courage, with worries, with hope. We also experience how young people are marginalized and discriminated against because of their sexuality or identity, largely at school, but they often find little support and acceptance in their family environment too.<\/p>\n\n\n\n<p>For these reasons, we would like to campaign for more services, advice and safe spaces in the city. We would like to set up a queer caf\u00e9 here. We would like to hear your ideas, visions and wishes. Please come and talk to us and let&#8217;s further design a great meeting place together.<\/p>\n\n\n\n<p>Thank you to everyone who is here today. Thank you to everyone who is fighting, showing up and getting involved. And above all: thank you to the young people who refuse to be defeated and stand up for their rights!<\/p>\n\n\n\n<p><strong>Solidarity means taking action &#8211; not just today, but every day.<\/strong><\/p>\n\n\n\n<p>Your team of caf\u00e9 contact<\/p>\n","protected":false},"excerpt":{"rendered":"<p>Rede cafe contact CSD Brandenburg 2025 Hallo Brandenburg! Wir freuen uns riesig, heute hier beim CSD in unserer Stadt dabei zu sein \u2013 laut, bunt, solidarisch! Wir sind das Jugendhaus cafe contact und bereits&#46;&#46;&#46;<\/p>\n","protected":false},"author":1,"featured_media":0,"parent":0,"menu_order":0,"comment_status":"closed","ping_status":"closed","template":"","meta":{"footnotes":""},"class_list":["post-1306","page","type-page","status-publish","hentry"],"_links":{"self":[{"href":"https:\/\/haveldervielfalt.de\/index.php?rest_route=\/wp\/v2\/pages\/1306","targetHints":{"allow":["GET"]}}],"collection":[{"href":"https:\/\/haveldervielfalt.de\/index.php?rest_route=\/wp\/v2\/pages"}],"about":[{"href":"https:\/\/haveldervielfalt.de\/index.php?rest_route=\/wp\/v2\/types\/page"}],"author":[{"embeddable":true,"href":"https:\/\/haveldervielfalt.de\/index.php?rest_route=\/wp\/v2\/users\/1"}],"replies":[{"embeddable":true,"href":"https:\/\/haveldervielfalt.de\/index.php?rest_route=%2Fwp%2Fv2%2Fcomments&post=1306"}],"version-history":[{"count":3,"href":"https:\/\/haveldervielfalt.de\/index.php?rest_route=\/wp\/v2\/pages\/1306\/revisions"}],"predecessor-version":[{"id":1339,"href":"https:\/\/haveldervielfalt.de\/index.php?rest_route=\/wp\/v2\/pages\/1306\/revisions\/1339"}],"wp:attachment":[{"href":"https:\/\/haveldervielfalt.de\/index.php?rest_route=%2Fwp%2Fv2%2Fmedia&parent=1306"}],"curies":[{"name":"wp","href":"https:\/\/api.w.org\/{rel}","templated":true}]}}