{"id":1041,"date":"2024-07-06T11:23:23","date_gmt":"2024-07-06T11:23:23","guid":{"rendered":"https:\/\/haveldervielfalt.de\/?page_id=1041"},"modified":"2024-07-06T11:23:23","modified_gmt":"2024-07-06T11:23:23","slug":"route","status":"publish","type":"page","link":"https:\/\/haveldervielfalt.de\/?page_id=1041","title":{"rendered":"Route f\u00fcr den CSD 2024"},"content":{"rendered":"\n<figure class=\"wp-block-image size-large\"><img loading=\"lazy\" decoding=\"async\" width=\"1024\" height=\"1024\" src=\"https:\/\/valor-sp.de\/wp-content\/uploads\/2024\/07\/2-1024x1024.png\" alt=\"Route wird abgebildet. Die Demo startet am Hauptbahnhof. Die erste Zwischenkundgebung findet am neust\u00e4dtischen Markt statt. \u00dcber die Dominsel erreichen wir den Altst\u00e4dtischen Markt. Hier findet die zweite Zwischenkundgebung statt. Die Demo endet am Nicolaiplatz. Nicht barrierefreie Wege sind rot gekennzeichnet, die restliche Strecke ist schwarz.\" class=\"wp-image-1042\" srcset=\"https:\/\/haveldervielfalt.de\/wp-content\/uploads\/2024\/07\/2-1024x1024.png 1024w, https:\/\/haveldervielfalt.de\/wp-content\/uploads\/2024\/07\/2-300x300.png 300w, https:\/\/haveldervielfalt.de\/wp-content\/uploads\/2024\/07\/2-150x150.png 150w, https:\/\/haveldervielfalt.de\/wp-content\/uploads\/2024\/07\/2-768x768.png 768w, https:\/\/haveldervielfalt.de\/wp-content\/uploads\/2024\/07\/2-80x80.png 80w, https:\/\/haveldervielfalt.de\/wp-content\/uploads\/2024\/07\/2-320x320.png 320w, https:\/\/haveldervielfalt.de\/wp-content\/uploads\/2024\/07\/2.png 1080w\" sizes=\"auto, (max-width: 1024px) 100vw, 1024px\" \/><\/figure>\n","protected":false},"excerpt":{"rendered":"","protected":false},"author":7,"featured_media":0,"parent":640,"menu_order":0,"comment_status":"closed","ping_status":"closed","template":"","meta":{"footnotes":""},"class_list":["post-1041","page","type-page","status-publish","hentry"],"_links":{"self":[{"href":"https:\/\/haveldervielfalt.de\/index.php?rest_route=\/wp\/v2\/pages\/1041","targetHints":{"allow":["GET"]}}],"collection":[{"href":"https:\/\/haveldervielfalt.de\/index.php?rest_route=\/wp\/v2\/pages"}],"about":[{"href":"https:\/\/haveldervielfalt.de\/index.php?rest_route=\/wp\/v2\/types\/page"}],"author":[{"embeddable":true,"href":"https:\/\/haveldervielfalt.de\/index.php?rest_route=\/wp\/v2\/users\/7"}],"replies":[{"embeddable":true,"href":"https:\/\/haveldervielfalt.de\/index.php?rest_route=%2Fwp%2Fv2%2Fcomments&post=1041"}],"version-history":[{"count":0,"href":"https:\/\/haveldervielfalt.de\/index.php?rest_route=\/wp\/v2\/pages\/1041\/revisions"}],"up":[{"embeddable":true,"href":"https:\/\/haveldervielfalt.de\/index.php?rest_route=\/wp\/v2\/pages\/640"}],"wp:attachment":[{"href":"https:\/\/haveldervielfalt.de\/index.php?rest_route=%2Fwp%2Fv2%2Fmedia&parent=1041"}],"curies":[{"name":"wp","href":"https:\/\/api.w.org\/{rel}","templated":true}]}}